{"id":56,"date":"2012-11-06T12:04:51","date_gmt":"2012-11-06T12:04:51","guid":{"rendered":"http:\/\/fathiddin.net\/english\/?page_id=56"},"modified":"2018-03-10T13:39:40","modified_gmt":"2018-03-10T13:39:40","slug":"articals","status":"publish","type":"page","link":"https:\/\/fathiddin.net\/english\/?page_id=56","title":{"rendered":"Articals"},"content":{"rendered":"<p><strong>1-\u00a0<a title=\"Read Article\" href=\"http:\/\/fathiddin.net\/articles\/1.pdf\" target=\"_blank\">\u201cDw\u0101bit al-Riw\u0101yah fi al-Quran al-Kar\u012bm\u201d<\/a><\/strong><strong>.<br \/>\n<\/strong>\u201cEthics of transmission in the Holy Quran\u201d.<br \/>\nIt is published in the refereed journal of \u201c<strong><em>Ma\u2018\u0101lim al-Qur\u2019\u0101n wa al-Sunnah<\/em><\/strong>\u201d, (\u0645\u0639\u0627\u0644\u0645 \u0627\u0644\u0642\u0631\u0622\u0646 \u0648\u0627\u0644\u0633\u0646\u0629) Islamic University College Of Malaysia, Kuala Lumpur, Malaysia, vol. 1, No. 1, 2005, pp. 169-209.<\/p>\n<p><strong>2-\u00a0<a title=\"Read Article\" href=\"http:\/\/fathiddin.net\/articles\/2.pdf\" target=\"_blank\">\u201cMushkil a-Hadith: Ishk\u0101liyyat al-Mustalah wa T\u0101r\u012bkh al-Nash\u2019ah\u201d<\/a>.<br \/>\n<\/strong>\u201cProblematic Had\u012bths: Terminological and historical study\u201d.<br \/>\nIt is published in the refereed journal of \u201c<strong><em>Islam in Asia<\/em><\/strong>\u201d, (\u0627\u0644\u0625\u0633\u0644\u0627\u0645 \u0641\u064a \u0622\u0633\u064a\u0627) International Islamic University Malaysia, Kuala Lumpur, Malaysia, vol. 2, no. 1, July 2005, pp. 37-61.<\/p>\n<p><strong>3-<em>\u00a0<\/em><a title=\"Read Article\" href=\"http:\/\/fathiddin.net\/articles\/3.pdf\" target=\"_blank\">\u201cal- Mutash\u0101bih f\u012b Matn al-Hadith al-Shar\u012bf: Dir\u0101sah Ta\u2019s\u012blyyah Muq\u0101ranah\u201d<\/a>.<br \/>\n<\/strong>\u2018al- Mutash\u0101bih In the Texts of Hadith: Comparative study\u2019.It is published in the refereed journal of \u201c<strong><em>al-Dir\u0101s\u0101t al-Islamiyyah<\/em><\/strong>\u201d, (\u0627\u0644\u062f\u0631\u0627\u0633\u0627\u062a \u0627\u0644\u0625\u0633\u0644\u0627\u0645\u064a\u0629), Islamic Research institute, International Islamic University, Islamabad, Pakistan, vol. 41, no. 2, April-May, 2006, pp. 53-82.<\/p>\n<p><strong>4-<em>\u00a0<\/em><a title=\"Read Article\" href=\"http:\/\/fathiddin.net\/articles\/4.pdf\" target=\"_blank\">\u201cMurtakaz\u0101t al-Mustashriq\u012bn f\u012b Dr\u0101sat \u2018Ilm al-Had\u012bth wa al-Sunnah al-Nabawiyyah\u201d<\/a>.<br \/>\n<\/strong>&#8220;Oriental studies\u2019 Bases on Siences of Hadith and the\u00a0<em>Sunnah<\/em>&#8220;. It is published in the refereed journal of \u201d<strong><em>At-Tajd\u012bd<\/em><\/strong>\u201d, (\u0627\u0644\u062a\u062c\u062f\u064a\u062f) International Islamic University Malaysia, Kuala Lumpur, Malaysia, issue 20, volume 10, 2006\/1427, pp. 95-128.<\/p>\n<p><strong>5-\u00a0<a title=\"Read Article\" href=\"http:\/\/fathiddin.net\/articles\/5.pdf\" target=\"_blank\">\u201cShur\u016bt al-Ishtigh\u0101l bi \u2018Ilm Mushkil al-Had\u012bth wa Qaw\u0101\u2018iduh\u201d<\/a><\/strong><strong>.<br \/>\n<\/strong>Methodological Standards for Dealing with Problematic Hadiths. It is published in the refereed journal of \u201c<strong><em>Islam in Asia<\/em><\/strong>\u201d, (\u0627\u0644\u0625\u0633\u0644\u0627\u0645 \u0641\u064a \u0622\u0633\u064a\u0627) International Islamic University Malaysia, Kuala Lumpur, Malaysia, vol. 4, no. 2, December 2007, pp. 23-45.<\/p>\n<p><strong>6-\u00a0<a title=\"Read Article\" href=\"http:\/\/fathiddin.net\/articles\/6.pdf\" target=\"_blank\">\u201cAdw\u0101\u2019 \u2018al\u0101 \u2018Ilm Sharh al-Had\u012bth\u201d<\/a><\/strong><strong>.<br \/>\n<\/strong>\u201cSciences of Hadith Commentary\u201d. It is published in the refereed journal of \u201c<strong><em>al-Dir\u0101s\u0101t al-Islamiyyah<\/em><\/strong>\u201d, (\u0627\u0644\u062f\u0631\u0627\u0633\u0627\u062a \u0627\u0644\u0625\u0633\u0644\u0627\u0645\u064a\u0629), Islamic Research institute, International Islamic University, Islamabad, Pakistan, vol. 42, no. 4, October-December, 2007, pp. 69-110.<\/p>\n<p><strong>7- \u201c<a title=\"Read Article\" href=\"http:\/\/fathiddin.net\/seminars\/9.pdf\" target=\"_blank\">Fahm al-Had\u012bth al-Shar\u012bf f\u012b Daw&#8217; al-Qaw\u0101&#8217;id al-Shar&#8217;iyyah<\/a>\u201d.<br \/>\n<\/strong>\u201cComprehension of Hadith in the Light of Shar\u012b&#8217;ah Maxims\u201d. It is published in the refereed book:\u00a0<em>Al_Sunnah al-Nabawiyyah bayna Daw\u0101bit al-Fahm al-Sad\u012bd wa Mutatallab\u0101t al-Tajd\u012bd<\/em>&#8220;, International Seminar on Hadith, College of Islamic and Arabic Studies, Dubai, United Arab Emirates, 1st\u00a0Edition, 1430\/2009, pp. 145-192.<\/p>\n<p><strong>8- \u201c<a title=\"Read Article\" href=\"http:\/\/fathiddin.net\/articles\/8.pdf\" target=\"_blank\">Asb\u0101b Istishk\u0101l matn al-Had\u012bth wa Awjuhuh: Dirasah Istiqr\u0101\u2019iyyah<\/a>\u201d.<\/strong>\u00a0\u201cProblematic Had\u012bths: Reasons and Aspects\u201d. It is published in the refereed journal of \u201c<strong><em>al-&#8216;Ul\u016bm al-Shar&#8217;iyyah<\/em><\/strong>\u201d, (\u0645\u062c\u0644\u0629 \u0627\u0644\u0639\u0644\u0648\u0645 \u0627\u0644\u0634\u0631\u0639\u064a\u0629), Muhammad b. Saud University, Riyadh, Kingdome of Saudi Arabia, vol. 17, Shaww\u0101l 1431\/September 2010, pp. 73-126.<\/p>\n<p>9- \u201c<a title=\"Read Article\" href=\"http:\/\/fathiddin.net\/articles\/9.pdf\" target=\"_blank\">M\u2018\u0101lim Manhaj Naqd al-Riw\u0101y\u0101t f\u012b al-Qur\u2019an al-Kar\u012bm<\/a>\u201d.<br \/>\n\u201cPrinciples of Evaluating Hadith narrations in the Holy Quran\u201d. It is published in the refereed journal of \u201c<strong><em>al-Dir\u0101s\u0101t al-Islamiyyah<\/em><\/strong>\u201d, (\u0627\u0644\u062f\u0631\u0627\u0633\u0627\u062a \u0627\u0644\u0625\u0633\u0644\u0627\u0645\u064a\u0629), Islamic Research institute, International Islamic University, Islamabad, Pakistan, vol. 47, no. 3, July-September, 2012, pp. 5-46.<\/p>\n<p><strong>10- &#8220;<a title=\"Read Article\" href=\"http:\/\/fathiddin.net\/articles\/10.pdf\" target=\"_blank\">al-Wasatiyyah f\u012b al-&#8216;Ib\u0101d\u0101t al-Isl\u0101miyyah<\/a>:\u00a0<\/strong>Dir\u0101sah Tahl\u012bliyyah f\u012b Daw&#8217; al-Sunnah al-Nabawiyyah<strong>&#8220;.<br \/>\n<\/strong>&#8220;Moderation in Islamic worship: An analytical Study in the light of the Sunnah&#8221;. It is accepted for publication by Prince Sultan Ibn Abdulaziz Chair for Contemporary Islamic Studies, College of Education, King Saud University, 1434\/2013.<\/p>\n<p><strong>11- &#8220;<a title=\"Read Article\" href=\"http:\/\/fathiddin.net\/articles\/11.pdf\" target=\"_blank\">Us\u016bl Ta\u1e25ammul al-Hadith wa Ad\u0101&#8217;ih f\u012b &#8216;Ahd al-Sah\u0101ba<\/a>h&#8221;.<br \/>\n<\/strong>&#8220;Principles of receiving and transmitting Hadith In the Era of the Prophet Muhammad&#8217;s Companions&#8221;. It is Published in the refereed journal of \u201d<strong><em>At-Tajd\u012bd<\/em><\/strong>\u201d, (\u0627\u0644\u062a\u062c\u062f\u064a\u062f) International Islamic University Malaysia, Kuala Lumpur, Malaysia, issue: 35, volume: 18, 1435\/2014, pp. 147-176.<\/p>\n<p><strong>12<\/strong>&#8211; &#8220;<strong>\u2018<a title=\"Read Article\" href=\"http:\/\/fathiddin.net\/articles\/12.pdf\" target=\"_blank\">Ilm al-Had\u012bth Bayna al-Riw\u0101yah Wa al-Dir\u0101yah<\/a><\/strong>&#8220;<strong>.<\/strong>\u00a0\u201cRiw\u0101yah and Dir\u0101yah In Sciences of Hadith\u201d. It is Published in the refereed journal of \u201c<strong><em>Islamic Studies and Academic research<\/em><\/strong>\u201d, (\u0645\u062c\u0644\u0629 \u0627\u0644\u062f\u0631\u0627\u0633\u0627\u062a \u0627\u0644\u0625\u0633\u0644\u0627\u0645\u064a\u0629 \u0648\u0627\u0644\u0628\u062d\u0648\u062b \u0627\u0644\u0623\u0643\u0627\u062f\u064a\u0645\u064a\u0629), Department of Islamic\u00a0<em>Shar\u012b\u2019ah<\/em>, D\u0101r al-\u2018Ul\u016bm College, Cairo University, Cairo, Egypt, issue: 56, 1436\/2015, pp. 187-258.<\/p>\n<p><strong>13<\/strong>&#8211;\u00a0<strong>&#8220;<a title=\"Read Article\" href=\"http:\/\/fathiddin.net\/articles\/13.pdf\" target=\"_blank\">Taqy\u012bd al-Sunnah f\u012b Sadr al-Isl\u0101m: Tahr\u012br al-Mustalh\u0101t wa Radd al-Shubuh\u0101t<\/a>&#8220;<\/strong>. \u201cRecording of Sunnah in the Early Days of Islam\u201d. It is Published in the refereed journal of\u00a0<em>Emir Abd Kader University of Islamic Sciences<\/em>, issue 36, 1437\/2016, pp. 123-158.<\/p>\n","protected":false},"excerpt":{"rendered":"<p>1-\u00a0\u201cDw\u0101bit al-Riw\u0101yah fi al-Quran al-Kar\u012bm\u201d. \u201cEthics of transmission in the Holy Quran\u201d. It is published in the refereed journal of \u201cMa\u2018\u0101lim al-Qur\u2019\u0101n wa al-Sunnah\u201d, (\u0645\u0639\u0627\u0644\u0645 \u0627\u0644\u0642\u0631\u0622\u0646 \u0648\u0627\u0644\u0633\u0646\u0629) Islamic University College Of Malaysia, Kuala Lumpur, Malaysia, vol. 1, No. 1, 2005, &hellip; <a href=\"https:\/\/fathiddin.net\/english\/?page_id=56\">Continue reading <span class=\"meta-nav\">&rarr;<\/span><\/a><\/p>\n","protected":false},"author":1,"featured_media":0,"parent":0,"menu_order":0,"comment_status":"closed","ping_status":"open","template":"","meta":{"footnotes":""},"class_list":["post-56","page","type-page","status-publish","hentry"],"_links":{"self":[{"href":"https:\/\/fathiddin.net\/english\/index.php?rest_route=\/wp\/v2\/pages\/56","targetHints":{"allow":["GET"]}}],"collection":[{"href":"https:\/\/fathiddin.net\/english\/index.php?rest_route=\/wp\/v2\/pages"}],"about":[{"href":"https:\/\/fathiddin.net\/english\/index.php?rest_route=\/wp\/v2\/types\/page"}],"author":[{"embeddable":true,"href":"https:\/\/fathiddin.net\/english\/index.php?rest_route=\/wp\/v2\/users\/1"}],"replies":[{"embeddable":true,"href":"https:\/\/fathiddin.net\/english\/index.php?rest_route=%2Fwp%2Fv2%2Fcomments&post=56"}],"version-history":[{"count":7,"href":"https:\/\/fathiddin.net\/english\/index.php?rest_route=\/wp\/v2\/pages\/56\/revisions"}],"predecessor-version":[{"id":113,"href":"https:\/\/fathiddin.net\/english\/index.php?rest_route=\/wp\/v2\/pages\/56\/revisions\/113"}],"wp:attachment":[{"href":"https:\/\/fathiddin.net\/english\/index.php?rest_route=%2Fwp%2Fv2%2Fmedia&parent=56"}],"curies":[{"name":"wp","href":"https:\/\/api.w.org\/{rel}","templated":true}]}}