{"id":54,"date":"2012-11-06T12:04:38","date_gmt":"2012-11-06T12:04:38","guid":{"rendered":"http:\/\/fathiddin.net\/english\/?page_id=54"},"modified":"2019-01-11T16:30:40","modified_gmt":"2019-01-11T16:30:40","slug":"books","status":"publish","type":"page","link":"https:\/\/fathiddin.net\/english\/?page_id=54","title":{"rendered":"Books"},"content":{"rendered":"<p><strong>1-<\/strong>\u00a0<strong><em><a title=\"The Noble Hadith in the Early Days of Islam\" href=\"http:\/\/fathiddin.net\/books\/1.pdf\" target=\"_blank\">The Noble Hadith in the Early Days of Islam<\/a>: A Critical Study of a Western Approach<\/em><\/strong>.ResearchCenter, International Islamic UniversityMalaysia,Kuala Lumpur,Malaysia, 2005.<br \/>\n<a title=\"The Noble Hadith in the Early Days of Islam\" href=\"http:\/\/fathiddin.net\/books\/videos\/1.mp4\" target=\"_blank\">Video<\/a><\/p>\n<div>Book review by\u00a0Shaykh Muhammad Ibn Muneer, Jamaica, New\u00a0York, USA,\u00a002\/01\/2015.<\/div>\n<div>https:\/\/www.youtube.com\/watch?v=cat6rMclR8E&amp;index=4&amp;feature=youtu.be<\/div>\n<div><\/div>\n<p><strong>2-<\/strong>\u00a0<strong><em>Methodology of Learning and Evaluating Hadith in the First Century of Islam<\/em><\/strong>. Research Center, International Islamic University Malaysia, Kuala Lumpur, Malaysia, 2006.<br \/>\n<a title=\"Methodology of Learning and Evaluating Hadith in the First Century of Islam\" href=\"http:\/\/fathiddin.net\/books\/videos\/2.mp4\" target=\"_blank\">Video<\/a><\/p>\n<div>Book review by\u00a0Shaykh Muhammad Ibn Muneer, Jamaica, New\u00a0York, USA,\u00a025\/10\/2014.<\/div>\n<div>https:\/\/www.youtube.com\/watch?v=M4pmUqcB8Vw&amp;feature=youtu.be<\/div>\n<div><\/div>\n<p><strong>3-\u00a0<\/strong><a title=\"Open Book\" href=\"http:\/\/fathiddin.net\/books\/3.pdf\" target=\"_blank\"><strong><em>Wasatiyyat al-Isl\u0101m f\u012b Dw\u0101fi&#8217; al-Jih\u0101d<\/em><\/strong><\/a>.\u00a0<strong>\u201c<\/strong><strong><em>Islamic Moderation in the Motives of Jih<\/em><\/strong><strong><em>\u0101d<\/em><\/strong><strong>\u201d<\/strong><strong>,\u00a0<\/strong>Prince Sultan Ibn Abdul&#8217;Aziz Chair for Contemporary Islamic Studies, College of Education, King Saud University, Riyadh, Saudi Arabia, 1431\/2010.<br \/>\n<a href=\"http:\/\/fathiddin.net\/books\/3.pdf\"><img loading=\"lazy\" decoding=\"async\" class=\"alignnone\" title=\"wasatiyalislam\" src=\"http:\/\/fathiddin.net\/arabic\/wp-content\/uploads\/2012\/11\/wasatiyalislam-213x300.jpg\" alt=\"\" width=\"213\" height=\"300\" \/><\/a><\/p>\n<p>4-\u00a0<strong><em>Mushkil al-Had\u012bth: Dir\u0101sah Ta&#8217;s\u012bliyyah Mu&#8217;\u0101sirah,\u00a0<\/em><\/strong>\u201cProblematic Had\u012bths:<em>\u00a0A Contemporary Theoretical Study<\/em>\u201d, Dar al-Salam, Cairo, 1433\/2012.<\/p>\n<p>5-\u00a0<strong><a title=\"Open Book\" href=\"http:\/\/fathiddin.net\/books\/5.pdf\" target=\"_blank\"><em>Madkhal il\u0101 al-Istishr\u0101q al-Mu&#8217;\u0101sir wa &#8216;Ilm al- Hadith<\/em><\/a>. \u201c<em>Contemporary Orientalism and Hadith<\/em>\u00a0<em>Studies: An Inroduction<\/em>\u201d,\u00a0<\/strong>Prince Sultan Ibn Abdul&#8217;Aziz Chair for Contemporary Islamic Studies, College of Education, King Saud University, Riyadh, Saudi Arabia, 1433\/2012.<br \/>\n<a href=\"http:\/\/fathiddin.net\/books\/5.pdf\"><img loading=\"lazy\" decoding=\"async\" class=\"alignnone\" title=\"alistishraq\" src=\"http:\/\/fathiddin.net\/arabic\/wp-content\/uploads\/2012\/11\/alIstishraq-213x300.jpg\" alt=\"\" width=\"213\" height=\"300\" \/><\/a><\/p>\n<p>6-\u00a0<strong><a title=\"Open Book\" href=\"http:\/\/fathiddin.net\/books\/6.pdf\" target=\"_blank\"><em>Mu\u2018jam Mustalh\u0101t al-\u2018Ul\u016bm al-Shar\u2019iyyah<\/em><\/a>. \u201c<em>Dictionary of Shari&#8217;ah Sciences Terminologies<\/em>\u201d,\u00a0<\/strong>joint research, Ministry of Islamic Affairs and King Abdul-Aziz for Sciences and Technology, 1439\/2017.<br \/>\n<a href=\"http:\/\/fathiddin.net\/books\/6.pdf\"><img loading=\"lazy\" decoding=\"async\" class=\"alignnone\" title=\"mujmmustalahat\" src=\"http:\/\/fathiddin.net\/arabic\/wp-content\/uploads\/2012\/11\/mujammustalahat-213x300.jpg\" alt=\"\" width=\"213\" height=\"300\" \/><\/a><\/p>\n","protected":false},"excerpt":{"rendered":"<p>1-\u00a0The Noble Hadith in the Early Days of Islam: A Critical Study of a Western Approach.ResearchCenter, International Islamic UniversityMalaysia,Kuala Lumpur,Malaysia, 2005. Video Book review by\u00a0Shaykh Muhammad Ibn Muneer, Jamaica, New\u00a0York, USA,\u00a002\/01\/2015. https:\/\/www.youtube.com\/watch?v=cat6rMclR8E&amp;index=4&amp;feature=youtu.be 2-\u00a0Methodology of Learning and Evaluating Hadith in the &hellip; <a href=\"https:\/\/fathiddin.net\/english\/?page_id=54\">Continue reading <span class=\"meta-nav\">&rarr;<\/span><\/a><\/p>\n","protected":false},"author":1,"featured_media":0,"parent":0,"menu_order":0,"comment_status":"closed","ping_status":"open","template":"","meta":{"footnotes":""},"class_list":["post-54","page","type-page","status-publish","hentry"],"_links":{"self":[{"href":"https:\/\/fathiddin.net\/english\/index.php?rest_route=\/wp\/v2\/pages\/54","targetHints":{"allow":["GET"]}}],"collection":[{"href":"https:\/\/fathiddin.net\/english\/index.php?rest_route=\/wp\/v2\/pages"}],"about":[{"href":"https:\/\/fathiddin.net\/english\/index.php?rest_route=\/wp\/v2\/types\/page"}],"author":[{"embeddable":true,"href":"https:\/\/fathiddin.net\/english\/index.php?rest_route=\/wp\/v2\/users\/1"}],"replies":[{"embeddable":true,"href":"https:\/\/fathiddin.net\/english\/index.php?rest_route=%2Fwp%2Fv2%2Fcomments&post=54"}],"version-history":[{"count":12,"href":"https:\/\/fathiddin.net\/english\/index.php?rest_route=\/wp\/v2\/pages\/54\/revisions"}],"predecessor-version":[{"id":147,"href":"https:\/\/fathiddin.net\/english\/index.php?rest_route=\/wp\/v2\/pages\/54\/revisions\/147"}],"wp:attachment":[{"href":"https:\/\/fathiddin.net\/english\/index.php?rest_route=%2Fwp%2Fv2%2Fmedia&parent=54"}],"curies":[{"name":"wp","href":"https:\/\/api.w.org\/{rel}","templated":true}]}}