{"id":48,"date":"2012-11-06T12:02:19","date_gmt":"2012-11-06T12:02:19","guid":{"rendered":"http:\/\/fathiddin.net\/english\/?page_id=48"},"modified":"2018-03-10T11:17:46","modified_gmt":"2018-03-10T11:17:46","slug":"examination-of-thesis","status":"publish","type":"page","link":"https:\/\/fathiddin.net\/english\/?page_id=48","title":{"rendered":"Examination of Thesis"},"content":{"rendered":"<p>&#8211; <em>Sabab wor\u016bd al-Hadith: dir\u0101sah tahliliyyah<\/em>. Ph.D. Thesis, Br. Mohd Asri Zain al-Abidin, International Islamic UniversityMalaysia, 2003.<\/p>\n<p>&#8211; <em>Al-Ah\u0101dith allat\u012b sakat \u2018anh\u0101 al-H\u0101kim wa al-Dhahab\u012b ma\u2018a, f\u012b al-juz\u2019ayn al-akh\u012brayn l\u012b al-Mustadrak wa talkh\u012bsih: Dir\u0101sah wa tahq\u012bq<\/em>..M.A. Thesis, Sr. Phaliyah Yama, International Islamic UniversityMalaysia, 2003.<\/p>\n<p>&#8211; <em>Al-\u0100r\u0101\u2019 al-had\u012bthiyyah l\u012b al-Im\u0101m al-Sh\u0101fi\u2018\u012b f\u012b al-Ris\u0101lah: Dir\u0101sha Tahl\u012bliyyah<\/em>. M.A. Thesis, Br. Fettane Amar, International Islamic UniversityMalaysia, 2003.<\/p>\n<p>&#8211; <em>T\u2018addud al-Riway\u0101t f\u012b Matn al-Had\u012bth al-Nabaw\u012b: Asb\u0101buh wa \u0101th\u0101ruh<\/em>. Ph.D. Thesis, Br. Shayuthi Abdul Manas, International Islamic UniversityMalaysia, 2004.<\/p>\n<p>&#8211; <em>Al-Takhr\u012bj wa al-Bay\u0101n lim\u0101\u00a0 warad min al-Ah\u0101d\u012bth f\u012b \u201cTafh\u012bm al-Qur&#8217;an l\u012b al-Ustadh Ab\u016b al-A\u2018l\u0101 al-Mawd\u016bd\u012b<\/em>. Ph.D. Thesis, Br. Muhammed Gias Uddin Hafiz, International Islamic UniversityMalaysia, 2005.<\/p>\n<p>&#8211; <em>Mishk\u0101t al-Anw\u0101r f\u012b m\u0101 ruwiya \u2018an All\u0101h min al-Akhb\u0101r\u201d, Ibn al-\u2018Arab\u012b al-Andalu\u012b: Dir\u0101sah Tahl\u012bliyyah<\/em>. M.A. Thesis, Sr. Songul Simsek, International Islamic UniversityMalaysia, 2005.<\/p>\n<p>&#8211; <em>\u2018Ul\u016bm al-Had\u012bth wa Dw\u0101bituh\u0101 bayna Ahl al-Sunnah wa al-Jam\u0101\u2018ah wa al-Sh\u012b\u2018ah al-Im\u0101miyyah al-Ithn\u0101 \u2018Ashariyyah<\/em>. (Sciences of Hadith and its Yardstiks between Ahl al-Sunnah wa al-Jam\u0101\u2018ah and the Twelvers, Im\u0101mate Sh\u012b\u2018ah). Ph.D. Thesis, Br. Srdar Demira, International Islamic UniversityMalaysia, 2005.<\/p>\n<p>&#8211; <em>Naqd matn al-Had\u012bth f\u012b Daw\u2019 al-\u2018Ul\u016bm al-Tajr\u012bbiyyah: Dir\u0101sah Nazariyyah<\/em>. (A Critique of Had\u012bth Content in the Light of Applied Sciences: A Theoretical Study). Ph.D. Thesis, Br. Shirinov Mukhiddine, International Islamic UniversityMalaysia, 2006.<\/p>\n<p>&#8211; <em>Al-Madrash al-\u2018Aqliyyah al-Hd\u012bthah wa Mawqifuh\u0101 min al-Hadith al-Shar\u012bf: Turkey Nam\u016bdhajan<\/em>. (ModernRationalistsSchool and its Approach to the Hadith: Case study ofTurkey). M.A. Thesis, Sr. Necm\u2019ye Erdool, International Islamic UniversityMalaysia, 2007.<\/p>\n<p>&#8211; <em>Manhaj al-Shaykh Muhammad Abduh f\u012b al-T\u2018\u0101mul ma\u2018a al-Sunnah: Dir\u0101sah Tahl\u012bliyyah Naqdiyyah<\/em>. (Mehtods of Sheik Muhammad \u2018Abduh in Dealing with Sunnah: Analytical and Critical Study). M.A. Thesis, Br. Luqman Abdus-Salam, International Islamic UniversityMalaysia, 2007.<\/p>\n<p>&#8211; <em>Al-\u2018Aql al-J\u0101hil\u012b Kam\u0101 Yusawwiruhu al-Qur\u2019\u0101n al-Kr\u012bm: Dir\u0101sah Us\u016bliyyah<\/em>. (The J\u0101hil\u012b Intellect in the Holy Qur\u2019\u0101n: A Juristic Study). Ph.D. Thesis, Sr. Iman H. Sh Mohamad, International Islamic UniversityMalaysia, 2008.<\/p>\n<p>&#8211; <em>Mashru&#8217;iyyat Mukh\u0101lafat Ghayr al-Muslim\u012bn wa Dw\u0101bituha f\u012b Daw&#8217; al-Sunnah al-Nabawiyyah<\/em>. (Opposition to Non-Muslims: Its Legislation and Yardsticks in the light of the Sunnah). M.A. Thesis, Sr. Zunaidah Bt. Mohd. Marzuki, International Islamic UniversityMalaysia, 2008.<\/p>\n<p>&#8211; <em>Al-Mar\u0101s\u012bl f\u012b Musannaf Ibn Ab\u012b Shaybah: Dir\u0101sah Istiqr\u0101&#8217;iyyah Naqdiyyah<\/em>. (The Mursal Hadith in Musannaf of Ibn Ab\u012b Shaybah: An Inductive Critical Study). Ph.D. Thesis, Sr. Eman Abdel Rahman Abu Shariah, International Islamic University Malaysia, 2008.<\/p>\n<p>&#8211; <em>&#8220;al-Jaw\u0101hir al-Mukallalah f\u012b al-Akhb\u0101r al-Musalasalah&#8221; l\u012b al-Im\u0101m al-Sakh\u0101w\u012b: Dir\u0101sah wa Tahq\u012bq<\/em>. Ph.D.Thesis,Br. Kamal Abdul Fattah Fattouh, Department of Islamic Studies, Islamic University,Bahawalpur,Pakistan, 2008.<\/p>\n<p>&#8211; <em>Tahkr\u012bj wa Dir\u0101sat al-Ah\u0101d\u012bth f\u012b Tafs\u012br Ibn &#8216;Atiyyah al-Andalus\u012b:Min Awwal al-Kit\u0101b Il\u0101 Nih\u0101yat al-Juz&#8217; al-Awwal min Surat al-Baqarah<\/em>, M.A. Thesis, Br. Abbas Ibrahimi, National University of Malaysia (UKM), 2009.<\/p>\n<p>&#8211; And many others<\/p>\n","protected":false},"excerpt":{"rendered":"<p>&#8211; Sabab wor\u016bd al-Hadith: dir\u0101sah tahliliyyah. Ph.D. Thesis, Br. Mohd Asri Zain al-Abidin, International Islamic UniversityMalaysia, 2003. &#8211; Al-Ah\u0101dith allat\u012b sakat \u2018anh\u0101 al-H\u0101kim wa al-Dhahab\u012b ma\u2018a, f\u012b al-juz\u2019ayn al-akh\u012brayn l\u012b al-Mustadrak wa talkh\u012bsih: Dir\u0101sah wa tahq\u012bq..M.A. Thesis, Sr. Phaliyah Yama, &hellip; <a href=\"https:\/\/fathiddin.net\/english\/?page_id=48\">Continue reading <span class=\"meta-nav\">&rarr;<\/span><\/a><\/p>\n","protected":false},"author":1,"featured_media":0,"parent":15,"menu_order":0,"comment_status":"closed","ping_status":"open","template":"","meta":{"footnotes":""},"class_list":["post-48","page","type-page","status-publish","hentry"],"_links":{"self":[{"href":"https:\/\/fathiddin.net\/english\/index.php?rest_route=\/wp\/v2\/pages\/48","targetHints":{"allow":["GET"]}}],"collection":[{"href":"https:\/\/fathiddin.net\/english\/index.php?rest_route=\/wp\/v2\/pages"}],"about":[{"href":"https:\/\/fathiddin.net\/english\/index.php?rest_route=\/wp\/v2\/types\/page"}],"author":[{"embeddable":true,"href":"https:\/\/fathiddin.net\/english\/index.php?rest_route=\/wp\/v2\/users\/1"}],"replies":[{"embeddable":true,"href":"https:\/\/fathiddin.net\/english\/index.php?rest_route=%2Fwp%2Fv2%2Fcomments&post=48"}],"version-history":[{"count":4,"href":"https:\/\/fathiddin.net\/english\/index.php?rest_route=\/wp\/v2\/pages\/48\/revisions"}],"predecessor-version":[{"id":135,"href":"https:\/\/fathiddin.net\/english\/index.php?rest_route=\/wp\/v2\/pages\/48\/revisions\/135"}],"up":[{"embeddable":true,"href":"https:\/\/fathiddin.net\/english\/index.php?rest_route=\/wp\/v2\/pages\/15"}],"wp:attachment":[{"href":"https:\/\/fathiddin.net\/english\/index.php?rest_route=%2Fwp%2Fv2%2Fmedia&parent=48"}],"curies":[{"name":"wp","href":"https:\/\/api.w.org\/{rel}","templated":true}]}}