{"id":46,"date":"2012-11-06T12:01:38","date_gmt":"2012-11-06T12:01:38","guid":{"rendered":"http:\/\/fathiddin.net\/english\/?page_id=46"},"modified":"2021-03-01T17:26:41","modified_gmt":"2021-03-01T17:26:41","slug":"supervision-of-thesis","status":"publish","type":"page","link":"https:\/\/fathiddin.net\/english\/?page_id=46","title":{"rendered":"Supervision of Thesis"},"content":{"rendered":"<p>&#8211; <em>al-Manhaj al-Qur\u2019\u0101n\u012b f\u012b al-Hadhar wa Tawaqq\u012b al-Darar. Dir\u0101sah Tahl\u012bliyyah lihiw\u0101r\u0101t min al-Qur\u2019\u0101n al-Kar\u012bm<\/em>. Ph.D. Thesis, Br. Mubarak Musallam al-Shabani, International Islamic UniversityMalaysia, 2005.<\/p>\n<p>&#8211; <em>al-Ahadith al-Da\u2018ifah wa al-Mawdu\u2018ah fi al-Mujtama\u2018 al- Malizi (Wilayah Feraq namudhajan<\/em>). M.A. Thesis, Sr. Nur Farhah Bt. Zainan Nazri, International Islamic UniversityMalaysia, 2005.<\/p>\n<p>&#8211; <em>al-Bish\u0101r\u0101t al-Nabawiyyah al-Kh\u0101ssah bi al-Hay\u0101t al-Duny\u0101 w manhaj al-Ta\u2018\u0101mul ma\u2018ah\u0101. Dir\u0101sah Mawd\u016b\u2018iyyah f\u012b al-Kutub l-Tis\u2018ah<\/em>. (Prophetic Good Omens on Worldly Live and the Way to Deal with Them Thematic study from the Nine Books of Hadith). M.A. Thesis, Br. Zahrul Fata, International Islamic UniversityMalaysia, 2005.<\/p>\n<p>&#8211; <em>Ah\u0101d\u012bth al-Bay\u2018ah: Dir\u0101sah wa tahl\u012bl<\/em>. (The Ah\u0101d\u012bth of <em>al-Bay\u2018ah<\/em>: An Analitical Study). M.A. Thesis, Br. Achmad Dahlan, International Islamic UniversityMalaysia, 2006.<\/p>\n<p>&#8211; <em>As\u0101l\u012bb Tarbiat al-Tifl f\u012b al-Sunnah al-Nabawiyyah, Wa Atharuh\u0101 f\u012b Bin\u0101\u2019 Shakhsiyyatih.<\/em> (Methods of Child Education in Hadith and its Implication on Personal Development). M.A. Thesis, Sr. Noor Najihan Jafar, International Islamic UniversityMalaysia, 2007.<\/p>\n<p>&#8211; <em>Sah\u012bh al-Bukh\u0101r\u012b wa al-K\u0101f\u012b li al-Kulayn\u012b. Dir\u0101sah Had\u012bthiyyah Muqaranah<\/em>. (Sah\u012bh al-Bukh\u0101r\u012b and al-K\u0101f\u012b li al-Kulayn\u012b: a Had\u012bth Comparative Study). Ph.D. Thesis, Br. Nadir Awad Salhab, International Islamic University Malaysia, 2007.<\/p>\n<p>&#8211; <em>Al-Im\u0101m al-M\u0101zari wa Kit\u0101buh \u201cal-Mu\u2018lim bi Fw\u0101\u2019id Muslim\u201d: Dir\u0101sah Thl\u012bliyyah<\/em>. (Al-Im\u0101m al-M\u0101zari and his Book \u201cal-Mu\u2018lim bi Fw\u0101\u2019id Muslim\u201d: Analytical Study). M.A. Thesis, Sr. Nur Baety Sofyan, International Islamic UniversityMalaysia, 2008.<\/p>\n<p>&#8211; <em>Maw\u0101qi\u2018 al-Sunnah \u2018al\u0101 al-Intarnit: Dr\u0101sah Istiqr\u0101\u2019iyyah Naqdiyyah<\/em>. (Sunnah Websites:\u00a0 an Evaluative Study). M.A. Thesis, Br. Muhammad Yusuf Ismail, International Islamic University Malaysia, 2009.<\/p>\n<p>&#8211; And many others.<\/p>\n","protected":false},"excerpt":{"rendered":"<p>&#8211; al-Manhaj al-Qur\u2019\u0101n\u012b f\u012b al-Hadhar wa Tawaqq\u012b al-Darar. Dir\u0101sah Tahl\u012bliyyah lihiw\u0101r\u0101t min al-Qur\u2019\u0101n al-Kar\u012bm. Ph.D. Thesis, Br. Mubarak Musallam al-Shabani, International Islamic UniversityMalaysia, 2005. &#8211; al-Ahadith al-Da\u2018ifah wa al-Mawdu\u2018ah fi al-Mujtama\u2018 al- Malizi (Wilayah Feraq namudhajan). M.A. Thesis, Sr. Nur &hellip; <a href=\"https:\/\/fathiddin.net\/english\/?page_id=46\">Continue reading <span class=\"meta-nav\">&rarr;<\/span><\/a><\/p>\n","protected":false},"author":1,"featured_media":0,"parent":15,"menu_order":0,"comment_status":"closed","ping_status":"open","template":"","meta":{"footnotes":""},"class_list":["post-46","page","type-page","status-publish","hentry"],"_links":{"self":[{"href":"https:\/\/fathiddin.net\/english\/index.php?rest_route=\/wp\/v2\/pages\/46","targetHints":{"allow":["GET"]}}],"collection":[{"href":"https:\/\/fathiddin.net\/english\/index.php?rest_route=\/wp\/v2\/pages"}],"about":[{"href":"https:\/\/fathiddin.net\/english\/index.php?rest_route=\/wp\/v2\/types\/page"}],"author":[{"embeddable":true,"href":"https:\/\/fathiddin.net\/english\/index.php?rest_route=\/wp\/v2\/users\/1"}],"replies":[{"embeddable":true,"href":"https:\/\/fathiddin.net\/english\/index.php?rest_route=%2Fwp%2Fv2%2Fcomments&post=46"}],"version-history":[{"count":5,"href":"https:\/\/fathiddin.net\/english\/index.php?rest_route=\/wp\/v2\/pages\/46\/revisions"}],"predecessor-version":[{"id":158,"href":"https:\/\/fathiddin.net\/english\/index.php?rest_route=\/wp\/v2\/pages\/46\/revisions\/158"}],"up":[{"embeddable":true,"href":"https:\/\/fathiddin.net\/english\/index.php?rest_route=\/wp\/v2\/pages\/15"}],"wp:attachment":[{"href":"https:\/\/fathiddin.net\/english\/index.php?rest_route=%2Fwp%2Fv2%2Fmedia&parent=46"}],"curies":[{"name":"wp","href":"https:\/\/api.w.org\/{rel}","templated":true}]}}