{"id":40,"date":"2012-11-06T11:57:11","date_gmt":"2012-11-06T11:57:11","guid":{"rendered":"http:\/\/fathiddin.net\/english\/?page_id=40"},"modified":"2021-03-01T17:23:08","modified_gmt":"2021-03-01T17:23:08","slug":"conferences-and-seminars","status":"publish","type":"page","link":"https:\/\/fathiddin.net\/english\/?page_id=40","title":{"rendered":"Conferences and Seminars"},"content":{"rendered":"<p class=\"JobTitle\" style=\"margin-top: .25in; margin-right: 0in; margin-bottom: .0001pt; margin-left: 0in; text-align: justify; line-height: normal;\"><strong><span style=\"font-size: 12.0pt; font-family: 'Times New Roman',serif;\">1-<\/span><\/strong><span style=\"font-size: 12.0pt; font-family: 'Times New Roman',serif;\"> <strong><em>Nahwa Siy\u0101ghah Had\u012bthah li Muqarrar\u0101t al-Dir\u0101sah al-Shar\u2018iyyah<\/em><\/strong>. (International Seminar). <\/span><span style=\"font-size: 12.0pt; font-family: 'Times New Roman',serif; letter-spacing: 0pt;\">Islamic Academe for Islamic Studies, UM. Kuala Lumpur. 7-8\/2\/2004. (Participant)<\/span><\/p>\n<p class=\"JobTitle\" style=\"margin-top: .25in; margin-right: 0in; margin-bottom: .0001pt; margin-left: 0in; text-align: justify; line-height: normal;\"><strong style=\"text-align: left;\"><span style=\"font-size: 12.0pt; font-family: 'Times New Roman',serif;\">2- International Seminar on Hadith Heritage<\/span><\/strong><span style=\"font-size: 12.0pt; font-family: 'Times New Roman',serif;\">.<\/span><\/p>\n<p class=\"JobTitle\" style=\"margin: 6pt 0in 0.0001pt; line-height: normal; text-align: left;\"><span style=\"font-family: 'Times New Roman', serif; font-size: 12pt; letter-spacing: 0pt;\">(Seminar Antarabangsa Warisan Al-Hadith), U.S.M. Universiti Sains <\/span>Malaysia<span style=\"font-family: 'Times New Roman', serif; font-size: 12pt; letter-spacing: 0pt;\">, <\/span>Pulau Pinang, Malaysia<span style=\"font-family: 'Times New Roman', serif; font-size: 12pt; letter-spacing: 0pt;\">, 8-9\/7\/2004.<br \/>\n<\/span><span style=\"font-family: 'Times New Roman', serif; font-size: 12pt; letter-spacing: 0pt;\">Paper presented: \u201cMushkil al-Hadith wa Ahammiyyatuhu fi Asr al-\u2018Awlamah\u201d. \u201cThe Importance of knowing Problematical Hadiths in Globalization Era\u201d.<\/span><\/p>\n<p class=\"JobTitle\" style=\"margin: 6pt 0in 0.0001pt; line-height: normal; text-align: left;\"><strong style=\"text-align: justify;\"><span style=\"font-size: 12.0pt; font-family: 'Times New Roman',serif;\">3-<\/span><\/strong><span style=\"font-size: 12.0pt; font-family: 'Times New Roman',serif;\"> <strong><em>Multaq\u0101 Naqd al-Matn al-Had\u012bth\u012b<\/em><\/strong><\/span><span style=\"font-size: 12.0pt; font-family: 'Times New Roman',serif; letter-spacing: 0pt;\">, A Seminar on Criticizing the Texts of Hadith. International Institute of Islamic thought, Jordan office, Amman, Jordan, 2-3\/10\/2004.<\/span><\/p>\n<p class=\"JobTitle\" style=\"margin-top: 6.0pt; margin-right: 0in; margin-bottom: .0001pt; margin-left: 0in; text-align: justify; line-height: normal;\"><span style=\"font-family: 'Times New Roman', serif; font-size: 12pt; letter-spacing: 0pt;\">Paper presented: \u201cMa\u2018\u0101lim Naqd al-Riw\u0101y\u0101t f\u012b al-Qur\u2019an al-Kar\u012bm\u201d.<br \/>\n<\/span><span style=\"font-family: 'Times New Roman', serif; font-size: 10pt;\">\u201cFeatures of Criticizing Transmissions in the Holy Qur\u2019an\u201d<\/span><\/p>\n<p class=\"JobTitle\" style=\"margin-top: 6.0pt; margin-right: 0in; margin-bottom: .0001pt; margin-left: 0in; text-align: justify; line-height: normal;\"><strong>4- International seminar on the efforts for preserving Hadith in the fourteenth century<\/strong><span style=\"color: #444444;\">, College of <\/span><em>Shar\u012b<\/em><em>\u2018ah<\/em><span style=\"color: #444444;\"> and Islamic Studies,University of Sharjah,United Arab Emirates, 4-5\/5\/2005.<\/span><\/p>\n<p><span style=\"color: #444444;\">Paper presented: \u201cMurtakaz\u0101t al-Mustashriq\u012bn f\u012b Dir\u0101sat \u2018Ilm al-Had\u012bth\u201d.<br \/>\n<\/span><span style=\"color: #444444;\">&#8220;The Bases of Oriental Studies on Hadith&#8221;.<\/span><\/p>\n<p><strong>5- International Conference on the Qur\u2019an and Sunnah: Methodologies of Interpretation<\/strong>, Department of Quran and Sunnah Studies, Kulliyyah of Islamic Revealed Knowledge and Human Sciences. IIUM. K.L. Malaysia, 21-22 Jumada al-\u2019\u0100khir 1427H, 17-18 July 2006.<br \/>\n<span style=\"color: #444444;\">Paper presented: \u201cAhammiyyat al-Shur\u016bh al-Hadithiyyah wa Qaw\u0101\u2018iduh\u0101\u201d. \u201cHadith Interpretation: Significance and Standards\u201d<\/span><\/p>\n<p><strong>6- International Conference on Islamic Jurisprudence and the Challenges of the 21st Century,<\/strong> Department of Fiqh &amp; Us\u016bl al-Fiqh in collaboration with International Institute of Muslim Unity, International Islamic University Malaysia, K.L. Malaysia. 8-10 August 2006, 14-16 Rajab 1427. (Participant)<\/p>\n<p><strong>7- <em>al-Nadwah al-\u2018\u0100lamiyyah li al-Dir\u0101s\u0101t al-\u2018Uly\u0101: Su\u2018\u016bb\u0101t al-Bahth al-\u2018Ilm\u012b wa Tahaddiyy\u0101tuh.<\/em><\/strong> International Seminar on Postgraduate Studies: Scientific Research: Difficulties &amp; Challenges. Postgraduate Office, Academy of Islamic Studies, University of Malaya,Kuala Lumpur,Malaysia, 25-26\/7\/2007 \u2013 10-11\/7\/1428. (Participant).<\/p>\n<p><strong>8- <\/strong>Postgraduate Academic Review Workshop, Department of Quran and <em>Sunnah<\/em> Studies, Kulliyyah of Islamic Revealed Knowledge and Human Sciences, International Islamic University Malaysi, Kuala Lumpur, Malaysia, 29-30\/10\/2007.<strong><\/strong><\/p>\n<p><strong>9- The Fourth International Symposium of Hadith <\/strong>on<strong> <\/strong>\u201cThe Prophetic Traditions Between the Right Understanding and Renovation Requirements\u201d, The College of Islamic and Arabic Studies, Dubai, United Arab Emirates, 25-27\/4\/1430, 20-22\/4\/2009.<br \/>\n<span style=\"color: #444444;\">Paper presented: \u201cFahm al-Had\u012bth f\u012b Daw\u2019 al-Qaw\u0101\u2018id al-Shar\u2018iyyah: Dir\u0101sah Istiqr\u0101\u2019iyyah f\u012b Ashhar Kutub al-Shur\u016bh al-Had\u012bthiyyah\u201d<br \/>\n<\/span><span style=\"color: #444444;\">\u201cComprehension of Hadith in the light of <\/span><em>Shar\u012b&#8217;ah<\/em><span style=\"color: #444444;\"> Maxims: An Inductive Study on the Most Famous Books of Hadith Commentary\u201d.<\/span><\/p>\n<p><strong>10- Sunnah International Conference <\/strong>on<strong> <\/strong>&#8220;Contemporary issues in the Sunnah&#8221;,<strong> <\/strong>University Malaya, Kuala Lumpur, Malaysia, 11-12\/8\/1432, 12-13\/7\/2011.<br \/>\n<span style=\"color: #444444;\">Paper presented: \u201cal-Muntalq\u0101t al-Fikriyyah li Dir\u0101s\u0101t al-Mustashriq\u012bn f\u012b &#8216;Ilm al-Had\u012bth\u201d<br \/>\n<\/span><span style=\"color: #444444;\">\u201cFundamental Views of Oriental Studies on Hadith\u201d.<\/span><\/p>\n<p><strong>11- The First Major Workshop<\/strong><span style=\"color: #444444;\"> on &#8220;<\/span><em>Silah<\/em><span style=\"color: #444444;\">&#8221; project, discussing the draft charter of &#8220;Orientalism as a Cultural Bridge&#8221;, Ministry of <\/span><em>Awqaf<\/em><span style=\"color: #444444;\"> and Islamic Affairs, Kuwait, 20-21\/11\/1432, 18-19\/10\/2011.<\/span><\/p>\n<p><strong>12- The International Conference<\/strong> on &#8220;The Companions and the Sunnah of the Prophet&#8221;, The World Islamic Sciences &amp; Education University, Amman, Jordan, 9-10\/1\/1435, 13-14\/11\/2013.<br \/>\n<span style=\"color: #444444;\">Paper presented: \u201cUs\u016bl al-Riw\u0101yah f\u012b &#8216;Ahd al-Sah\u0101bah&#8221;, &#8220;Principles of Transmitting Hadith in the Era of the Prophet&#8217;s Companions&#8221;.<\/span><\/p>\n<p><strong>13- International Seminar on &#8220;Moderation in Isalm: Concept and Implementation&#8221;, <\/strong>Department of Islamic Studies, Faculty of Social Sciences, Jakarta State University, Indonesia, 23-24\/8\/1436, 10-11\/6\/2015.<br \/>\n<span style=\"color: #444444;\">Paper presented:\u201dTatb\u012bq\u0101t al-Wasatiyyah f\u012b al-Sunnah al-Nabwiyyah: al-Ah\u0101d\u012bth al-Nabawiyyah al-Muta\u2018alliqah bi al-Sal\u0101h Unmudhajan\u201d.<br \/>\n<\/span><span style=\"color: #444444;\">\u201cApplications of moderation in the Sunnah: Prophetic Hadiths related to the prayer as an example\u201d<\/span><\/p>\n<p><strong>14- The First Sahri\u2018ah Forum on \u201cPersons with Disabilities\u201d, <\/strong>Department of Islamic Studies, College of Education, King Saud University, and Prince Muhammed Ibn Salman Ibn Muhammed Al Saud Charitable Foundation, Riyadh, Saudi Arabia, 15-16\/1\/1437, 28-29\/10\/2015.<span style=\"color: #444444;\">\u00a0<\/span><\/p>\n<p><strong>15- \u00a0International Conference on \u201cMercy in Islam\u201d, <\/strong>Department of Islamic Studies, College of Education, King Saud University, Riyadh, Saudi Arabia, 28-29\/4\/1437, 7-8\/2\/2016.<\/p>\n<p><strong>16- International Conference on &#8220;Hadith Studies and its Contributions to Indonesia and the Islamic World\u201d, <\/strong>Association of Hadith science,<strong> <\/strong>UIN Sunan Kalijaga, Yogyakarta, Indonesia, 24-26\/1\/1438, 25-27\/10\/2016.<br \/>\n<span style=\"color: #444444;\">Paper presented: Tawth\u012bq al-Sunnah bayn al-Kit\u0101bah wa al-Tadw\u012bn wa al-Tasn\u012bf.<br \/>\n<\/span><span style=\"color: #444444;\">\u201cDocumentation of the Sunnah: writing, recording and classification\u201d.<\/span><\/p>\n<p><strong>17- International symposium on \u201cMuhammed Mustafa el-Azam\u012b: His life, Ideas and Contribution\u201d, <\/strong>School of Islamic Studies, Ibn Haldun University, Istanbul, Turkey, 12-13\/4\/1440, 19-20\/12\/2018.<br \/>\n<strong>Paper submitted<\/strong><span style=\"color: #444444;\">: Manhaj Naqd \u0100r\u0101\u2019 al-Mustashriq\u012bn f\u012b al-Sunnah al-Nabawiyyah: Dir\u0101sah Istiqr\u0101\u2019iyyah f\u012b Kit\u0101b\u0101t al-Dukt\u016br Muhammad Mostaf\u0101 al-A\u2018zam\u012b.<br \/>\n<\/span><span style=\"color: #444444;\">\u201cMethod of Criticizing Orientalists&#8217; views on the Prophetic Sunnah: An Inductive Study in the writings of Dr. Muhammad Mustaf\u0101 al-A\u2018zam\u012b\u201d.<\/span><\/p>\n<p><strong>18- Seminar on \u201cSahih al-Bukhari and Contemporary Approaches\u201d, <\/strong>Department of Islamic Studies, College of Education, King Saud University, Riyadh, Saudi Arabia, 16-17\/2\/1441, 15-16\/10\/2019.<\/p>\n<p><strong>19<\/strong>&#8211; <strong>The Inaugural Jamalullail Chair for Prophetic Sunnah International Conference<\/strong> <strong>on Engagement with Obscure Qur\u2019anic Verses and Hadith Texts in Classical and Modern Literature<\/strong>.<br \/>\n<strong>&#8220;\u0627\u0644\u0645\u0624\u062a\u0645\u0631 \u0627\u0644\u0639\u0627\u0644\u0645\u064a \u0627\u0644\u0623\u0648\u0644 \u0644\u0643\u0631\u0633\u064a \u062c\u0645\u0644 \u0627\u0644\u0644\u064a\u0644 \u0644\u0644\u0633\u0646\u0629 \u0627\u0644\u0646\u0628\u0648\u064a\u0629: \u0645\u0634\u0643\u0644 \u0627\u0644\u0642\u0631\u0622\u0646 \u0648\u0627\u0644\u062d\u062f\u064a\u062b \u0641\u064a \u0627\u0644\u062a\u0631\u0627\u062b \u0648\u0627\u0644\u062f\u0631\u0627\u0633\u0627\u062a \u0627\u0644\u0645\u0639\u0627\u0635\u0631\u0629&#8221;<br \/>\n<\/strong><span style=\"color: #444444;\">Department of Quran and Sunnah Studies, Kulliyyah of Islamic Revealed Knowledge and Human Sciences. IIUM. K.L. Malaysia, 2-3\/4\/1442, 18-19\/11\/2020.<\/span><strong>Paper presented<\/strong><span style=\"color: #444444;\">: \u201cIstishkal al-Ahadith al-Nabawiyyah bi al-Nadhar al-\u2018Aqli: Mashru\u2019iyyatuh wa Dwabituh\u201d. \u201cQuestioning Prophetic<br \/>\nHadiths by mental Consideration: Its Legitimacy and regulations\u201d.<\/span><\/p>\n<p><strong>20- <\/strong><strong>The Inaugural Jamalullail Chair for Prophetic Sunnah International Conference<\/strong> <strong>on Engagement with Obscure Qur\u2019anic Verses and Hadith Texts in Classical and Modern Literature<\/strong>.<br \/>\n<strong>&#8220;\u0627\u0644\u0645\u0624\u062a\u0645\u0631 \u0627\u0644\u0639\u0627\u0644\u0645\u064a \u0627\u0644\u0623\u0648\u0644 \u0644\u0643\u0631\u0633\u064a \u062c\u0645\u0644 \u0627\u0644\u0644\u064a\u0644 \u0644\u0644\u0633\u0646\u0629 \u0627\u0644\u0646\u0628\u0648\u064a\u0629: \u0645\u0634\u0643\u0644 \u0627\u0644\u0642\u0631\u0622\u0646 \u0648\u0627\u0644\u062d\u062f\u064a\u062b \u0641\u064a \u0627\u0644\u062a\u0631\u0627\u062b \u0648\u0627\u0644\u062f\u0631\u0627\u0633\u0627\u062a \u0627\u0644\u0645\u0639\u0627\u0635\u0631\u0629&#8221;<br \/>\n<\/strong><span style=\"color: #444444;\">Department of Quran and Sunnah Studies, Kulliyyah of Islamic Revealed Knowledge and Human Sciences. IIUM. K.L. Malaysia, 2-3\/4\/1442, 18-19\/11\/2020.<br \/>\n<\/span><strong>Paper presented<\/strong><span style=\"color: #444444;\">: \u201cMushkil al-Hadith fi Daw\u2019 al-Qawa\u2019id al-Shar\u2019iyyah\u201d. \u201cProblematic Hadith in the Light of Sahri\u2019ah Rules\u201d. Co-author: Dr. Haifa Abdulaziz Al-Ashrafi.<\/span><\/p>\n<p>&nbsp;<\/p>\n","protected":false},"excerpt":{"rendered":"<p>1- Nahwa Siy\u0101ghah Had\u012bthah li Muqarrar\u0101t al-Dir\u0101sah al-Shar\u2018iyyah. (International Seminar). Islamic Academe for Islamic Studies, UM. Kuala Lumpur. 7-8\/2\/2004. (Participant) 2- International Seminar on Hadith Heritage. (Seminar Antarabangsa Warisan Al-Hadith), U.S.M. Universiti Sains Malaysia, Pulau Pinang, Malaysia, 8-9\/7\/2004. Paper presented: &hellip; <a href=\"https:\/\/fathiddin.net\/english\/?page_id=40\">Continue reading <span class=\"meta-nav\">&rarr;<\/span><\/a><\/p>\n","protected":false},"author":1,"featured_media":0,"parent":15,"menu_order":0,"comment_status":"closed","ping_status":"open","template":"","meta":{"footnotes":""},"class_list":["post-40","page","type-page","status-publish","hentry"],"_links":{"self":[{"href":"https:\/\/fathiddin.net\/english\/index.php?rest_route=\/wp\/v2\/pages\/40","targetHints":{"allow":["GET"]}}],"collection":[{"href":"https:\/\/fathiddin.net\/english\/index.php?rest_route=\/wp\/v2\/pages"}],"about":[{"href":"https:\/\/fathiddin.net\/english\/index.php?rest_route=\/wp\/v2\/types\/page"}],"author":[{"embeddable":true,"href":"https:\/\/fathiddin.net\/english\/index.php?rest_route=\/wp\/v2\/users\/1"}],"replies":[{"embeddable":true,"href":"https:\/\/fathiddin.net\/english\/index.php?rest_route=%2Fwp%2Fv2%2Fcomments&post=40"}],"version-history":[{"count":9,"href":"https:\/\/fathiddin.net\/english\/index.php?rest_route=\/wp\/v2\/pages\/40\/revisions"}],"predecessor-version":[{"id":156,"href":"https:\/\/fathiddin.net\/english\/index.php?rest_route=\/wp\/v2\/pages\/40\/revisions\/156"}],"up":[{"embeddable":true,"href":"https:\/\/fathiddin.net\/english\/index.php?rest_route=\/wp\/v2\/pages\/15"}],"wp:attachment":[{"href":"https:\/\/fathiddin.net\/english\/index.php?rest_route=%2Fwp%2Fv2%2Fmedia&parent=40"}],"curies":[{"name":"wp","href":"https:\/\/api.w.org\/{rel}","templated":true}]}}