{"id":36,"date":"2012-11-06T11:54:09","date_gmt":"2012-11-06T11:54:09","guid":{"rendered":"http:\/\/fathiddin.net\/english\/?page_id=36"},"modified":"2018-03-10T10:55:36","modified_gmt":"2018-03-10T10:55:36","slug":"unpublished-works","status":"publish","type":"page","link":"https:\/\/fathiddin.net\/english\/?page_id=36","title":{"rendered":"Unpublished Works"},"content":{"rendered":"<p>&#8220;Manhaj Muq\u0101ranat al-Riw\u0101y\u0101t \u2018Ind al-Muhaddith\u012bn&#8221;.\u00a0<span style=\"color: #444444;\">\u201cComparison of Transmissions in Hadith\u201d.<br \/>\n<\/span><span style=\"color: #444444;\">Thesis submitted for the degree of M. Phil. in the Department of Oriental Studies, Muhammad b. Sa\u2018ud University, Madinah, Saudi Arabia,1409\/1989.<\/span><\/p>\n","protected":false},"excerpt":{"rendered":"<p>&#8220;Manhaj Muq\u0101ranat al-Riw\u0101y\u0101t \u2018Ind al-Muhaddith\u012bn&#8221;.\u00a0\u201cComparison of Transmissions in Hadith\u201d. Thesis submitted for the degree of M. Phil. in the Department of Oriental Studies, Muhammad b. Sa\u2018ud University, Madinah, Saudi Arabia,1409\/1989.<\/p>\n","protected":false},"author":1,"featured_media":0,"parent":15,"menu_order":0,"comment_status":"closed","ping_status":"open","template":"","meta":{"footnotes":""},"class_list":["post-36","page","type-page","status-publish","hentry"],"_links":{"self":[{"href":"https:\/\/fathiddin.net\/english\/index.php?rest_route=\/wp\/v2\/pages\/36","targetHints":{"allow":["GET"]}}],"collection":[{"href":"https:\/\/fathiddin.net\/english\/index.php?rest_route=\/wp\/v2\/pages"}],"about":[{"href":"https:\/\/fathiddin.net\/english\/index.php?rest_route=\/wp\/v2\/types\/page"}],"author":[{"embeddable":true,"href":"https:\/\/fathiddin.net\/english\/index.php?rest_route=\/wp\/v2\/users\/1"}],"replies":[{"embeddable":true,"href":"https:\/\/fathiddin.net\/english\/index.php?rest_route=%2Fwp%2Fv2%2Fcomments&post=36"}],"version-history":[{"count":3,"href":"https:\/\/fathiddin.net\/english\/index.php?rest_route=\/wp\/v2\/pages\/36\/revisions"}],"predecessor-version":[{"id":128,"href":"https:\/\/fathiddin.net\/english\/index.php?rest_route=\/wp\/v2\/pages\/36\/revisions\/128"}],"up":[{"embeddable":true,"href":"https:\/\/fathiddin.net\/english\/index.php?rest_route=\/wp\/v2\/pages\/15"}],"wp:attachment":[{"href":"https:\/\/fathiddin.net\/english\/index.php?rest_route=%2Fwp%2Fv2%2Fmedia&parent=36"}],"curies":[{"name":"wp","href":"https:\/\/api.w.org\/{rel}","templated":true}]}}